{"id":33,"date":"2025-05-23T09:13:31","date_gmt":"2025-05-23T09:13:31","guid":{"rendered":"https:\/\/retitpub.es\/?page_id=33"},"modified":"2025-06-11T11:16:16","modified_gmt":"2025-06-11T09:16:16","slug":"scientific-meetings","status":"publish","type":"page","link":"https:\/\/retitpub.es\/en\/reuniones-cientificas\/","title":{"rendered":"Scientific Meetings"},"content":{"rendered":"<p>[et_pb_section fb_built=\u00bb1&#8243; _builder_version=\u00bb4.27.4&#8243; _module_preset=\u00bbdefault\u00bb background_color=\u00bb#29C4A9&#8243; use_background_color_gradient=\u00bbon\u00bb background_color_gradient_direction=\u00bb158deg\u00bb background_color_gradient_stops=\u00bb#1c2c4c 0%|#00a8e8 100%\u00bb background_enable_image=\u00bboff\u00bb background_blend=\u00bboverlay\u00bb background_mask_position=\u00bbcenter_right\u00bb height=\u00bb60vh\u00bb height_tablet=\u00bb90vh\u00bb height_phone=\u00bb50vh\u00bb height_last_edited=\u00bbon|phone\u00bb custom_margin=\u00bb80px||||false|false\u00bb hover_enabled=\u00bb0&#8243; background_last_edited=\u00bbon|phone\u00bb background_enable_mask_style_tablet=\u00bboff\u00bb global_colors_info=\u00bb{}\u00bb sticky_enabled=\u00bb0&#8243; da_is_popup=\u00bboff\u00bb da_exit_intent=\u00bboff\u00bb da_has_close=\u00bbon\u00bb da_alt_close=\u00bboff\u00bb da_dark_close=\u00bboff\u00bb da_not_modal=\u00bbon\u00bb da_is_singular=\u00bboff\u00bb da_with_loader=\u00bboff\u00bb da_has_shadow=\u00bbon\u00bb da_disable_devices=\u00bboff|off|off\u00bb][et_pb_row _builder_version=\u00bb4.27.4&#8243; _module_preset=\u00bbdefault\u00bb positioning=\u00bbabsolute\u00bb position_origin_a=\u00bbcenter_center\u00bb horizontal_offset=\u00bb8%\u00bb width=\u00bb90%\u00bb max_width=\u00bb1000px\u00bb hover_enabled=\u00bb0&#8243; global_colors_info=\u00bb{}\u00bb sticky_enabled=\u00bb0&#8243;][et_pb_column type=\u00bb4_4&#8243; _builder_version=\u00bb4.27.4&#8243; _module_preset=\u00bbdefault\u00bb global_colors_info=\u00bb{}\u00bb][et_pb_text _builder_version=\u00bb4.27.4&#8243; _module_preset=\u00bbdefault\u00bb text_font=\u00bb|600|||||||\u00bb text_font_size=\u00bb18px\u00bb header_font=\u00bb|700|||||||\u00bb header_font_size=\u00bb50px\u00bb background_layout=\u00bbdark\u00bb text_font_size_tablet=\u00bb20px\u00bb text_font_size_phone=\u00bb16px\u00bb text_font_size_last_edited=\u00bbon|phone\u00bb header_font_size_tablet=\u00bb50px\u00bb header_font_size_phone=\u00bb22px\u00bb header_font_size_last_edited=\u00bbon|phone\u00bb global_colors_info=\u00bb{}\u00bb]<\/p>\n<h1>Reuniones Cient\u00edficas de ReTIT-PUB<\/h1>\n<p>Encuentros para compartir avances, generar sinergias y proyectar la investigaci\u00f3n en pubertad[\/et_pb_text][\/et_pb_column][\/et_pb_row][\/et_pb_section][et_pb_section fb_built=\u00bb1&#8243; _builder_version=\u00bb4.27.4&#8243; _module_preset=\u00bbdefault\u00bb background_color=\u00bb#FFFFFF\u00bb global_colors_info=\u00bb{}\u00bb da_is_popup=\u00bboff\u00bb da_exit_intent=\u00bboff\u00bb da_has_close=\u00bbon\u00bb da_alt_close=\u00bboff\u00bb da_dark_close=\u00bboff\u00bb da_not_modal=\u00bbon\u00bb da_is_singular=\u00bboff\u00bb da_with_loader=\u00bboff\u00bb da_has_shadow=\u00bbon\u00bb da_disable_devices=\u00bboff|off|off\u00bb][et_pb_row column_structure=\u00bb1_2,1_2&#8243; use_custom_gutter=\u00bbon\u00bb gutter_width=\u00bb3&#8243; make_equal=\u00bbon\u00bb _builder_version=\u00bb4.27.4&#8243; _module_preset=\u00bbdefault\u00bb width=\u00bb90%\u00bb global_colors_info=\u00bb{}\u00bb][et_pb_column type=\u00bb1_2&#8243; _builder_version=\u00bb4.27.4&#8243; _module_preset=\u00bbdefault\u00bb custom_css_main_element=\u00bbmargin: auto;\u00bb global_colors_info=\u00bb{}\u00bb][et_pb_text _builder_version=\u00bb4.27.4&#8243; _module_preset=\u00bbdefault\u00bb header_2_font=\u00bb|700|||||||\u00bb header_2_font_size=\u00bb30px\u00bb text_font_size_tablet=\u00bb\u00bb text_font_size_phone=\u00bb14px\u00bb text_font_size_last_edited=\u00bbon|phone\u00bb header_2_font_size_tablet=\u00bb30px\u00bb header_2_font_size_phone=\u00bb22px\u00bb header_2_font_size_last_edited=\u00bbon|phone\u00bb global_colors_info=\u00bb{}\u00bb]<\/p>\n<h2>Un espacio de encuentro para la comunidad investigadora de la red<\/h2>\n<p>Las reuniones cient\u00edficas de ReTIT-PUB constituyen uno de los pilares fundamentales de la red. Estas jornadas permiten la presentaci\u00f3n de resultados, el intercambio de ideas, el debate metodol\u00f3gico y la planificaci\u00f3n de nuevas colaboraciones.<\/p>\n<p>Re\u00fanen a todos los grupos integrantes de la red y a ponentes invitados de prestigio internacional. Est\u00e1n abiertas a investigadores externos, estudiantes, cl\u00ednicos y miembros de redes colaboradoras.[\/et_pb_text][\/et_pb_column][et_pb_column type=\u00bb1_2&#8243; _builder_version=\u00bb4.27.4&#8243; _module_preset=\u00bbdefault\u00bb global_colors_info=\u00bb{}\u00bb][et_pb_image src=\u00bbhttps:\/\/retitpub.es\/wp-content\/uploads\/2025\/05\/ChatGPT-Image-27-may-2025-10_39_44-Photoroom.webp\u00bb alt=\u00bbReuniones Cient\u00edficas de ReTIT-PUB\u00bb title_text=\u00bbReuniones Cient\u00edficas de ReTIT-PUB\u00bb _builder_version=\u00bb4.27.4&#8243; _module_preset=\u00bbdefault\u00bb border_radii=\u00bbon|10px|10px|10px|10px\u00bb global_colors_info=\u00bb{}\u00bb][\/et_pb_image][\/et_pb_column][\/et_pb_row][\/et_pb_section][et_pb_section fb_built=\u00bb1&#8243; _builder_version=\u00bb4.27.4&#8243; _module_preset=\u00bbdefault\u00bb background_color=\u00bb#F4F4F6&#8243; global_colors_info=\u00bb{}\u00bb da_is_popup=\u00bboff\u00bb da_exit_intent=\u00bboff\u00bb da_has_close=\u00bbon\u00bb da_alt_close=\u00bboff\u00bb da_dark_close=\u00bboff\u00bb da_not_modal=\u00bbon\u00bb da_is_singular=\u00bboff\u00bb da_with_loader=\u00bboff\u00bb da_has_shadow=\u00bbon\u00bb da_disable_devices=\u00bboff|off|off\u00bb][et_pb_row column_structure=\u00bb1_2,1_2&#8243; use_custom_gutter=\u00bbon\u00bb gutter_width=\u00bb3&#8243; make_equal=\u00bbon\u00bb _builder_version=\u00bb4.27.4&#8243; _module_preset=\u00bbdefault\u00bb width=\u00bb90%\u00bb global_colors_info=\u00bb{}\u00bb][et_pb_column type=\u00bb1_2&#8243; _builder_version=\u00bb4.27.4&#8243; _module_preset=\u00bbdefault\u00bb custom_css_main_element=\u00bbmargin: auto;\u00bb global_colors_info=\u00bb{}\u00bb][et_pb_text _builder_version=\u00bb4.27.4&#8243; _module_preset=\u00bbdefault\u00bb header_2_font=\u00bb|700|||||||\u00bb header_2_font_size=\u00bb30px\u00bb text_font_size_tablet=\u00bb\u00bb text_font_size_phone=\u00bb14px\u00bb text_font_size_last_edited=\u00bbon|phone\u00bb header_2_font_size_tablet=\u00bb30px\u00bb header_2_font_size_phone=\u00bb22px\u00bb header_2_font_size_last_edited=\u00bbon|phone\u00bb global_colors_info=\u00bb{}\u00bb]<\/p>\n<h2>Primera Reuni\u00f3n Interna \u2013 C\u00f3rdoba<\/h2>\n<p>[\/et_pb_text][et_pb_blurb title=\u00bbFechas\u00bb use_icon=\u00bbon\u00bb font_icon=\u00bb&#xf073;||fa||400&#8243; icon_color=\u00bb#00A8E8&#8243; icon_placement=\u00bbleft\u00bb _builder_version=\u00bb4.27.4&#8243; _module_preset=\u00bbdefault\u00bb header_font=\u00bb|700|||||||\u00bb header_text_color=\u00bb#00A8E8&#8243; header_font_size=\u00bb16px\u00bb body_font=\u00bb|600|||||||\u00bb background_color=\u00bb#FFFFFF\u00bb custom_margin=\u00bb||10px||false|false\u00bb custom_padding=\u00bb15px|20px|15px|20px|true|true\u00bb animation=\u00bboff\u00bb hover_enabled=\u00bb0&#8243; border_radii=\u00bbon|10px|10px|10px|10px\u00bb global_colors_info=\u00bb{}\u00bb sticky_enabled=\u00bb0&#8243;]<\/p>\n<p>16 y 17 de abril de 2024<\/p>\n<p>[\/et_pb_blurb][et_pb_blurb title=\u00bbLugar\u00bb use_icon=\u00bbon\u00bb font_icon=\u00bb&#xe081;||divi||400&#8243; icon_color=\u00bb#00A8E8&#8243; icon_placement=\u00bbleft\u00bb _builder_version=\u00bb4.27.4&#8243; _module_preset=\u00bbdefault\u00bb header_font=\u00bb|700|||||||\u00bb header_text_color=\u00bb#00A8E8&#8243; header_font_size=\u00bb16px\u00bb body_font=\u00bb|600|||||||\u00bb custom_margin=\u00bb||10px||false|false\u00bb custom_padding=\u00bb15px|20px|15px|20px|true|true\u00bb animation=\u00bboff\u00bb border_radii=\u00bbon|10px|10px|10px|10px\u00bb global_colors_info=\u00bb{}\u00bb background_color=\u00bb#FFFFFF\u00bb]<\/p>\n<p>Edificio IMIBIC, C\u00f3rdoba<\/p>\n<p>[\/et_pb_blurb][et_pb_blurb title=\u00bbDescripci\u00f3n Breve\u00bb use_icon=\u00bbon\u00bb font_icon=\u00bb&#xe059;||divi||400&#8243; icon_color=\u00bb#00A8E8&#8243; icon_placement=\u00bbleft\u00bb _builder_version=\u00bb4.27.4&#8243; _module_preset=\u00bbdefault\u00bb header_font=\u00bb|700|||||||\u00bb header_text_color=\u00bb#00A8E8&#8243; header_font_size=\u00bb16px\u00bb body_font=\u00bb|600|||||||\u00bb custom_padding=\u00bb15px|20px|15px|20px|true|true\u00bb animation=\u00bboff\u00bb border_radii=\u00bbon|10px|10px|10px|10px\u00bb global_colors_info=\u00bb{}\u00bb background_color=\u00bb#FFFFFF\u00bb custom_margin=\u00bb||10px||false|false\u00bb]<\/p>\n<p>Primera reuni\u00f3n interna de la red, dedicada a la presentaci\u00f3n de los grupos, definici\u00f3n de objetivos y organizaci\u00f3n inicial de los grupos de trabajo.<\/p>\n<p>[\/et_pb_blurb][\/et_pb_column][et_pb_column type=\u00bb1_2&#8243; _builder_version=\u00bb4.27.4&#8243; _module_preset=\u00bbdefault\u00bb custom_css_main_element=\u00bbmargin: auto;\u00bb global_colors_info=\u00bb{}\u00bb][et_pb_button button_url=\u00bbhttps:\/\/retitpub.es\/wp-content\/uploads\/2025\/05\/Primera-Reunion-ReTIT-PUB.pdf\u00bb url_new_window=\u00bbon\u00bb button_text=\u00bbDescargar documento\u00bb button_alignment=\u00bbcenter\u00bb _builder_version=\u00bb4.27.4&#8243; _module_preset=\u00bbdefault\u00bb custom_button=\u00bbon\u00bb button_text_size=\u00bb14px\u00bb button_text_color=\u00bb#FFFFFF\u00bb button_bg_color=\u00bb#1C2C4C\u00bb button_border_width=\u00bb0px\u00bb button_border_radius=\u00bb5px\u00bb button_letter_spacing=\u00bb1px\u00bb button_font=\u00bb|||on|||||\u00bb custom_padding=\u00bb10px|30px|10px|30px|true|true\u00bb hover_enabled=\u00bb0&#8243; global_colors_info=\u00bb{}\u00bb button_bg_enable_color=\u00bbon\u00bb sticky_enabled=\u00bb0&#8243;][\/et_pb_button][\/et_pb_column][\/et_pb_row][\/et_pb_section][et_pb_section fb_built=\u00bb1&#8243; _builder_version=\u00bb4.27.4&#8243; _module_preset=\u00bbdefault\u00bb background_color=\u00bb#FFFFFF\u00bb global_colors_info=\u00bb{}\u00bb da_is_popup=\u00bboff\u00bb da_exit_intent=\u00bboff\u00bb da_has_close=\u00bbon\u00bb da_alt_close=\u00bboff\u00bb da_dark_close=\u00bboff\u00bb da_not_modal=\u00bbon\u00bb da_is_singular=\u00bboff\u00bb da_with_loader=\u00bboff\u00bb da_has_shadow=\u00bbon\u00bb da_disable_devices=\u00bboff|off|off\u00bb][et_pb_row column_structure=\u00bb1_2,1_2&#8243; use_custom_gutter=\u00bbon\u00bb gutter_width=\u00bb3&#8243; make_equal=\u00bbon\u00bb _builder_version=\u00bb4.27.4&#8243; _module_preset=\u00bbdefault\u00bb width=\u00bb90%\u00bb global_colors_info=\u00bb{}\u00bb][et_pb_column type=\u00bb1_2&#8243; _builder_version=\u00bb4.27.4&#8243; _module_preset=\u00bbdefault\u00bb custom_css_main_element=\u00bbmargin: auto;\u00bb global_colors_info=\u00bb{}\u00bb][et_pb_text _builder_version=\u00bb4.27.4&#8243; _module_preset=\u00bbdefault\u00bb header_2_font=\u00bb|700|||||||\u00bb header_2_font_size=\u00bb30px\u00bb text_font_size_tablet=\u00bb\u00bb text_font_size_phone=\u00bb14px\u00bb text_font_size_last_edited=\u00bbon|phone\u00bb header_2_font_size_tablet=\u00bb30px\u00bb header_2_font_size_phone=\u00bb22px\u00bb header_2_font_size_last_edited=\u00bbon|phone\u00bb global_colors_info=\u00bb{}\u00bb]<\/p>\n<h2>Segunda Reuni\u00f3n Cient\u00edfica \u2013 Recent Progress in Puberty Research<\/h2>\n<p>[\/et_pb_text][et_pb_blurb title=\u00bbFechas\u00bb use_icon=\u00bbon\u00bb font_icon=\u00bb&#xf073;||fa||400&#8243; icon_color=\u00bb#00A8E8&#8243; icon_placement=\u00bbleft\u00bb _builder_version=\u00bb4.27.4&#8243; _module_preset=\u00bbdefault\u00bb header_font=\u00bb|700|||||||\u00bb header_text_color=\u00bb#00A8E8&#8243; header_font_size=\u00bb16px\u00bb body_font=\u00bb|600|||||||\u00bb background_color=\u00bb#F4F4F6&#8243; custom_margin=\u00bb||10px||false|false\u00bb custom_padding=\u00bb15px|20px|15px|20px|true|true\u00bb animation=\u00bboff\u00bb hover_enabled=\u00bb0&#8243; border_radii=\u00bbon|10px|10px|10px|10px\u00bb global_colors_info=\u00bb{}\u00bb sticky_enabled=\u00bb0&#8243;]<\/p>\n<p>20 y 21 de enero de 2025<\/p>\n<p>[\/et_pb_blurb][et_pb_blurb title=\u00bbLugar\u00bb use_icon=\u00bbon\u00bb font_icon=\u00bb&#xe081;||divi||400&#8243; icon_color=\u00bb#00A8E8&#8243; icon_placement=\u00bbleft\u00bb _builder_version=\u00bb4.27.4&#8243; _module_preset=\u00bbdefault\u00bb header_font=\u00bb|700|||||||\u00bb header_text_color=\u00bb#00A8E8&#8243; header_font_size=\u00bb16px\u00bb body_font=\u00bb|600|||||||\u00bb custom_margin=\u00bb||10px||false|false\u00bb custom_padding=\u00bb15px|20px|15px|20px|true|true\u00bb animation=\u00bboff\u00bb border_radii=\u00bbon|10px|10px|10px|10px\u00bb global_colors_info=\u00bb{}\u00bb background_color=\u00bb#F4F4F6&#8243;]<\/p>\n<p>Residencia de Estudiantes, Madrid<\/p>\n<p>[\/et_pb_blurb][et_pb_blurb title=\u00bbDescripci\u00f3n Breve\u00bb use_icon=\u00bbon\u00bb font_icon=\u00bb&#xe059;||divi||400&#8243; icon_color=\u00bb#00A8E8&#8243; icon_placement=\u00bbleft\u00bb _builder_version=\u00bb4.27.4&#8243; _module_preset=\u00bbdefault\u00bb header_font=\u00bb|700|||||||\u00bb header_text_color=\u00bb#00A8E8&#8243; header_font_size=\u00bb16px\u00bb body_font=\u00bb|600|||||||\u00bb custom_margin=\u00bb||10px||false|false\u00bb custom_padding=\u00bb15px|20px|15px|20px|true|true\u00bb animation=\u00bboff\u00bb border_radii=\u00bbon|10px|10px|10px|10px\u00bb global_colors_info=\u00bb{}\u00bb background_color=\u00bb#F4F4F6&#8243;]<\/p>\n<p>Reuni\u00f3n internacional de alto nivel, con participaci\u00f3n de ponentes nacionales e internacionales especializados en gen\u00e9tica, endocrinolog\u00eda pedi\u00e1trica, epigen\u00e9tica y modelos experimentales.<\/p>\n<p>[\/et_pb_blurb][\/et_pb_column][et_pb_column type=\u00bb1_2&#8243; _builder_version=\u00bb4.27.4&#8243; _module_preset=\u00bbdefault\u00bb custom_css_main_element=\u00bbmargin: auto;\u00bb global_colors_info=\u00bb{}\u00bb][et_pb_button button_url=\u00bbhttps:\/\/retitpub.es\/wp-content\/uploads\/2025\/05\/Segunda-Reunion-ReTIT-PUB.pdf\u00bb url_new_window=\u00bbon\u00bb button_text=\u00bbDescargar documento\u00bb button_alignment=\u00bbcenter\u00bb _builder_version=\u00bb4.27.4&#8243; _module_preset=\u00bbdefault\u00bb custom_button=\u00bbon\u00bb button_text_size=\u00bb14px\u00bb button_text_color=\u00bb#FFFFFF\u00bb button_bg_color=\u00bb#1C2C4C\u00bb button_border_width=\u00bb0px\u00bb button_border_radius=\u00bb5px\u00bb button_letter_spacing=\u00bb1px\u00bb button_font=\u00bb|||on|||||\u00bb custom_padding=\u00bb10px|30px|10px|30px|true|true\u00bb hover_enabled=\u00bb0&#8243; global_colors_info=\u00bb{}\u00bb button_bg_enable_color=\u00bbon\u00bb sticky_enabled=\u00bb0&#8243;][\/et_pb_button][\/et_pb_column][\/et_pb_row][\/et_pb_section]<\/p>\n","protected":false},"excerpt":{"rendered":"<p>Reuniones Cient\u00edficas de ReTIT-PUB Encuentros para compartir avances, generar sinergias y proyectar la investigaci\u00f3n en pubertadUn espacio de encuentro para la comunidad investigadora de la red Las reuniones cient\u00edficas de ReTIT-PUB constituyen uno de los pilares fundamentales de la red. Estas jornadas permiten la presentaci\u00f3n de resultados, el intercambio de ideas, el debate metodol\u00f3gico y [&hellip;]<\/p>\n","protected":false},"author":1,"featured_media":0,"parent":0,"menu_order":0,"comment_status":"closed","ping_status":"closed","template":"","meta":{"_et_pb_use_builder":"on","_et_pb_old_content":"<!-- wp:divi\/placeholder \/-->","_et_gb_content_width":"","footnotes":""},"class_list":["post-33","page","type-page","status-publish","hentry"],"yoast_head":"<!-- This site is optimized with the Yoast SEO plugin v27.6 - https:\/\/yoast.com\/product\/yoast-seo-wordpress\/ -->\n<title>Reuniones Cient\u00edficas - ReTIT-PUB<\/title>\n<meta name=\"description\" content=\"Programas, ponentes y conclusiones de las reuniones cient\u00edficas de ReTIT-PUB sobre avances en pubertad.\" \/>\n<meta name=\"robots\" content=\"index, follow, max-snippet:-1, max-image-preview:large, max-video-preview:-1\" \/>\n<link rel=\"canonical\" href=\"https:\/\/retitpub.es\/en\/scientific-meetings\/\" \/>\n<meta property=\"og:locale\" content=\"en_GB\" \/>\n<meta property=\"og:type\" content=\"article\" \/>\n<meta property=\"og:title\" content=\"Reuniones Cient\u00edficas - ReTIT-PUB\" \/>\n<meta property=\"og:description\" content=\"Programas, ponentes y conclusiones de las reuniones cient\u00edficas de ReTIT-PUB sobre avances en pubertad.\" \/>\n<meta property=\"og:url\" content=\"https:\/\/retitpub.es\/en\/scientific-meetings\/\" \/>\n<meta property=\"og:site_name\" content=\"ReTIT-PUB\" \/>\n<meta property=\"article:modified_time\" content=\"2025-06-11T09:16:16+00:00\" \/>\n<meta property=\"og:image\" content=\"https:\/\/retitpub.es\/wp-content\/uploads\/2025\/05\/ChatGPT-Image-27-may-2025-10_20_07-copia-Photoroom.webp\" \/>\n\t<meta property=\"og:image:width\" content=\"800\" \/>\n\t<meta property=\"og:image:height\" content=\"510\" \/>\n\t<meta property=\"og:image:type\" content=\"image\/webp\" \/>\n<meta name=\"twitter:card\" content=\"summary_large_image\" \/>\n<meta name=\"twitter:label1\" content=\"Estimated reading time\" \/>\n\t<meta name=\"twitter:data1\" content=\"2 minutes\" \/>\n<script type=\"application\/ld+json\" class=\"yoast-schema-graph\">{\"@context\":\"https:\\\/\\\/schema.org\",\"@graph\":[{\"@type\":\"WebPage\",\"@id\":\"https:\\\/\\\/retitpub.es\\\/reuniones-cientificas\\\/\",\"url\":\"https:\\\/\\\/retitpub.es\\\/reuniones-cientificas\\\/\",\"name\":\"Reuniones Cient\u00edficas - ReTIT-PUB\",\"isPartOf\":{\"@id\":\"https:\\\/\\\/retitpub.es\\\/#website\"},\"datePublished\":\"2025-05-23T09:13:31+00:00\",\"dateModified\":\"2025-06-11T09:16:16+00:00\",\"description\":\"Programas, ponentes y conclusiones de las reuniones cient\u00edficas de ReTIT-PUB sobre avances en pubertad.\",\"breadcrumb\":{\"@id\":\"https:\\\/\\\/retitpub.es\\\/reuniones-cientificas\\\/#breadcrumb\"},\"inLanguage\":\"en-GB\",\"potentialAction\":[{\"@type\":\"ReadAction\",\"target\":[\"https:\\\/\\\/retitpub.es\\\/reuniones-cientificas\\\/\"]}]},{\"@type\":\"BreadcrumbList\",\"@id\":\"https:\\\/\\\/retitpub.es\\\/reuniones-cientificas\\\/#breadcrumb\",\"itemListElement\":[{\"@type\":\"ListItem\",\"position\":1,\"name\":\"Inicio\",\"item\":\"https:\\\/\\\/retitpub.es\\\/\"},{\"@type\":\"ListItem\",\"position\":2,\"name\":\"Reuniones Cient\u00edficas\"}]},{\"@type\":\"WebSite\",\"@id\":\"https:\\\/\\\/retitpub.es\\\/#website\",\"url\":\"https:\\\/\\\/retitpub.es\\\/\",\"name\":\"ReTIT-PUB - Red Tem\u00e1tica de Investigaci\u00f3n Traslacional en Pubertad\",\"description\":\"Una red nacional de excelencia que integra investigaci\u00f3n b\u00e1sica y cl\u00ednica en pubertad\",\"publisher\":{\"@id\":\"https:\\\/\\\/retitpub.es\\\/#organization\"},\"alternateName\":\"ReTIT-PUB\",\"potentialAction\":[{\"@type\":\"SearchAction\",\"target\":{\"@type\":\"EntryPoint\",\"urlTemplate\":\"https:\\\/\\\/retitpub.es\\\/?s={search_term_string}\"},\"query-input\":{\"@type\":\"PropertyValueSpecification\",\"valueRequired\":true,\"valueName\":\"search_term_string\"}}],\"inLanguage\":\"en-GB\"},{\"@type\":\"Organization\",\"@id\":\"https:\\\/\\\/retitpub.es\\\/#organization\",\"name\":\"ReTIT-PUB - Red Tem\u00e1tica de Investigaci\u00f3n Traslacional en Pubertad\",\"alternateName\":\"ReTIT-PUB\",\"url\":\"https:\\\/\\\/retitpub.es\\\/\",\"logo\":{\"@type\":\"ImageObject\",\"inLanguage\":\"en-GB\",\"@id\":\"https:\\\/\\\/retitpub.es\\\/#\\\/schema\\\/logo\\\/image\\\/\",\"url\":\"https:\\\/\\\/retitpub.es\\\/wp-content\\\/uploads\\\/2025\\\/05\\\/Logo-RedTiTPub.webp\",\"contentUrl\":\"https:\\\/\\\/retitpub.es\\\/wp-content\\\/uploads\\\/2025\\\/05\\\/Logo-RedTiTPub.webp\",\"width\":516,\"height\":194,\"caption\":\"ReTIT-PUB - Red Tem\u00e1tica de Investigaci\u00f3n Traslacional en Pubertad\"},\"image\":{\"@id\":\"https:\\\/\\\/retitpub.es\\\/#\\\/schema\\\/logo\\\/image\\\/\"}}]}<\/script>\n<!-- \/ Yoast SEO plugin. -->","yoast_head_json":{"title":"Scientific Meetings - ReTIT-PUB","description":"Programs, speakers, and conclusions of ReTIT-PUB scientific meetings on advances in puberty.","robots":{"index":"index","follow":"follow","max-snippet":"max-snippet:-1","max-image-preview":"max-image-preview:large","max-video-preview":"max-video-preview:-1"},"canonical":"https:\/\/retitpub.es\/en\/scientific-meetings\/","og_locale":"en_GB","og_type":"article","og_title":"Reuniones Cient\u00edficas - ReTIT-PUB","og_description":"Programas, ponentes y conclusiones de las reuniones cient\u00edficas de ReTIT-PUB sobre avances en pubertad.","og_url":"https:\/\/retitpub.es\/en\/scientific-meetings\/","og_site_name":"ReTIT-PUB","article_modified_time":"2025-06-11T09:16:16+00:00","og_image":[{"width":800,"height":510,"url":"https:\/\/retitpub.es\/wp-content\/uploads\/2025\/05\/ChatGPT-Image-27-may-2025-10_20_07-copia-Photoroom.webp","type":"image\/webp"}],"twitter_card":"summary_large_image","twitter_misc":{"Estimated reading time":"2 minutes"},"schema":{"@context":"https:\/\/schema.org","@graph":[{"@type":"WebPage","@id":"https:\/\/retitpub.es\/reuniones-cientificas\/","url":"https:\/\/retitpub.es\/reuniones-cientificas\/","name":"Scientific Meetings - ReTIT-PUB","isPartOf":{"@id":"https:\/\/retitpub.es\/#website"},"datePublished":"2025-05-23T09:13:31+00:00","dateModified":"2025-06-11T09:16:16+00:00","description":"Programs, speakers, and conclusions of ReTIT-PUB scientific meetings on advances in puberty.","breadcrumb":{"@id":"https:\/\/retitpub.es\/reuniones-cientificas\/#breadcrumb"},"inLanguage":"en-GB","potentialAction":[{"@type":"ReadAction","target":["https:\/\/retitpub.es\/reuniones-cientificas\/"]}]},{"@type":"BreadcrumbList","@id":"https:\/\/retitpub.es\/reuniones-cientificas\/#breadcrumb","itemListElement":[{"@type":"ListItem","position":1,"name":"Inicio","item":"https:\/\/retitpub.es\/"},{"@type":"ListItem","position":2,"name":"Reuniones Cient\u00edficas"}]},{"@type":"WebSite","@id":"https:\/\/retitpub.es\/#website","url":"https:\/\/retitpub.es\/","name":"ReTIT-PUB \u2013 Thematic Network for Translational Research in Puberty","description":"A national excellence network that integrates basic and clinical research in puberty.","publisher":{"@id":"https:\/\/retitpub.es\/#organization"},"alternateName":"ReTIT-PUB","potentialAction":[{"@type":"SearchAction","target":{"@type":"EntryPoint","urlTemplate":"https:\/\/retitpub.es\/?s={search_term_string}"},"query-input":{"@type":"PropertyValueSpecification","valueRequired":true,"valueName":"search_term_string"}}],"inLanguage":"en-GB"},{"@type":"Organization","@id":"https:\/\/retitpub.es\/#organization","name":"ReTIT-PUB \u2013 Thematic Network for Translational Research in Puberty","alternateName":"ReTIT-PUB","url":"https:\/\/retitpub.es\/","logo":{"@type":"ImageObject","inLanguage":"en-GB","@id":"https:\/\/retitpub.es\/#\/schema\/logo\/image\/","url":"https:\/\/retitpub.es\/wp-content\/uploads\/2025\/05\/Logo-RedTiTPub.webp","contentUrl":"https:\/\/retitpub.es\/wp-content\/uploads\/2025\/05\/Logo-RedTiTPub.webp","width":516,"height":194,"caption":"ReTIT-PUB - Red Tem\u00e1tica de Investigaci\u00f3n Traslacional en Pubertad"},"image":{"@id":"https:\/\/retitpub.es\/#\/schema\/logo\/image\/"}}]}},"_links":{"self":[{"href":"https:\/\/retitpub.es\/en\/wp-json\/wp\/v2\/pages\/33","targetHints":{"allow":["GET"]}}],"collection":[{"href":"https:\/\/retitpub.es\/en\/wp-json\/wp\/v2\/pages"}],"about":[{"href":"https:\/\/retitpub.es\/en\/wp-json\/wp\/v2\/types\/page"}],"author":[{"embeddable":true,"href":"https:\/\/retitpub.es\/en\/wp-json\/wp\/v2\/users\/1"}],"replies":[{"embeddable":true,"href":"https:\/\/retitpub.es\/en\/wp-json\/wp\/v2\/comments?post=33"}],"version-history":[{"count":0,"href":"https:\/\/retitpub.es\/en\/wp-json\/wp\/v2\/pages\/33\/revisions"}],"wp:attachment":[{"href":"https:\/\/retitpub.es\/en\/wp-json\/wp\/v2\/media?parent=33"}],"curies":[{"name":"wp","href":"https:\/\/api.w.org\/{rel}","templated":true}]}}