{"id":29,"date":"2025-05-23T09:13:04","date_gmt":"2025-05-23T09:13:04","guid":{"rendered":"https:\/\/retitpub.es\/?page_id=29"},"modified":"2025-06-11T12:35:29","modified_gmt":"2025-06-11T10:35:29","slug":"activities","status":"publish","type":"page","link":"https:\/\/retitpub.es\/en\/actividades\/","title":{"rendered":"Activities"},"content":{"rendered":"<p>[et_pb_section fb_built=\u00bb1&#8243; _builder_version=\u00bb4.27.4&#8243; _module_preset=\u00bbdefault\u00bb background_color=\u00bb#29C4A9&#8243; use_background_color_gradient=\u00bbon\u00bb background_color_gradient_direction=\u00bb158deg\u00bb background_color_gradient_stops=\u00bb#1c2c4c 0%|#00a8e8 100%\u00bb background_enable_image=\u00bboff\u00bb background_blend=\u00bboverlay\u00bb height=\u00bb60vh\u00bb height_tablet=\u00bb90vh\u00bb height_phone=\u00bb50vh\u00bb height_last_edited=\u00bbon|phone\u00bb custom_margin=\u00bb80px||||false|false\u00bb background_last_edited=\u00bbon|phone\u00bb background_enable_mask_style_tablet=\u00bboff\u00bb da_disable_devices=\u00bboff|off|off\u00bb global_colors_info=\u00bb{}\u00bb da_is_popup=\u00bboff\u00bb da_exit_intent=\u00bboff\u00bb da_has_close=\u00bbon\u00bb da_alt_close=\u00bboff\u00bb da_dark_close=\u00bboff\u00bb da_not_modal=\u00bbon\u00bb da_is_singular=\u00bboff\u00bb da_with_loader=\u00bboff\u00bb da_has_shadow=\u00bbon\u00bb][et_pb_row _builder_version=\u00bb4.27.4&#8243; _module_preset=\u00bbdefault\u00bb positioning=\u00bbabsolute\u00bb position_origin_a=\u00bbcenter_center\u00bb horizontal_offset=\u00bb8%\u00bb width=\u00bb90%\u00bb max_width=\u00bb1000px\u00bb global_colors_info=\u00bb{}\u00bb][et_pb_column type=\u00bb4_4&#8243; _builder_version=\u00bb4.27.4&#8243; _module_preset=\u00bbdefault\u00bb global_colors_info=\u00bb{}\u00bb][et_pb_text _builder_version=\u00bb4.27.4&#8243; _module_preset=\u00bbdefault\u00bb text_font=\u00bb|600|||||||\u00bb text_font_size=\u00bb18px\u00bb header_font=\u00bb|700|||||||\u00bb header_font_size=\u00bb50px\u00bb background_layout=\u00bbdark\u00bb text_font_size_tablet=\u00bb20px\u00bb text_font_size_phone=\u00bb16px\u00bb text_font_size_last_edited=\u00bbon|phone\u00bb header_font_size_tablet=\u00bb50px\u00bb header_font_size_phone=\u00bb22px\u00bb header_font_size_last_edited=\u00bbon|phone\u00bb global_colors_info=\u00bb{}\u00bb]<\/p>\n<h1>Actividades de ReTIT-PUB<\/h1>\n<p>Una red activa que impulsa investigaci\u00f3n, formaci\u00f3n, divulgaci\u00f3n y colaboraci\u00f3n cient\u00edfica[\/et_pb_text][\/et_pb_column][\/et_pb_row][\/et_pb_section][et_pb_section fb_built=\u00bb1&#8243; _builder_version=\u00bb4.27.4&#8243; _module_preset=\u00bbdefault\u00bb background_color=\u00bb#FFFFFF\u00bb da_disable_devices=\u00bboff|off|off\u00bb global_colors_info=\u00bb{}\u00bb da_is_popup=\u00bboff\u00bb da_exit_intent=\u00bboff\u00bb da_has_close=\u00bbon\u00bb da_alt_close=\u00bboff\u00bb da_dark_close=\u00bboff\u00bb da_not_modal=\u00bbon\u00bb da_is_singular=\u00bboff\u00bb da_with_loader=\u00bboff\u00bb da_has_shadow=\u00bbon\u00bb][et_pb_row column_structure=\u00bb1_2,1_2&#8243; make_equal=\u00bbon\u00bb _builder_version=\u00bb4.27.4&#8243; _module_preset=\u00bbdefault\u00bb width=\u00bb90%\u00bb global_colors_info=\u00bb{}\u00bb][et_pb_column type=\u00bb1_2&#8243; _builder_version=\u00bb4.27.4&#8243; _module_preset=\u00bbdefault\u00bb custom_css_main_element=\u00bbmargin: auto;\u00bb global_colors_info=\u00bb{}\u00bb][et_pb_text _builder_version=\u00bb4.27.4&#8243; _module_preset=\u00bbdefault\u00bb header_2_font=\u00bb|700|||||||\u00bb header_2_font_size=\u00bb30px\u00bb text_font_size_tablet=\u00bb\u00bb text_font_size_phone=\u00bb14px\u00bb text_font_size_last_edited=\u00bbon|phone\u00bb header_2_font_size_tablet=\u00bb30px\u00bb header_2_font_size_phone=\u00bb22px\u00bb header_2_font_size_last_edited=\u00bbon|phone\u00bb global_colors_info=\u00bb{}\u00bb]<\/p>\n<h2>Iniciativas clave para dinamizar la red y multiplicar su impacto<\/h2>\n<p>ReTIT-PUB desarrolla un conjunto de actividades orientadas a cumplir su misi\u00f3n de fomentar la investigaci\u00f3n traslacional en pubertad. Estas acciones incluyen jornadas cient\u00edficas, reuniones internas, estancias formativas, acciones divulgativas y cooperaci\u00f3n con otras redes e instituciones.<\/p>\n<p>Las actividades est\u00e1n lideradas por los grupos de trabajo (GT), en coordinaci\u00f3n con el equipo t\u00e9cnico y el comit\u00e9 de direcci\u00f3n de la red.[\/et_pb_text][\/et_pb_column][et_pb_column type=\u00bb1_2&#8243; _builder_version=\u00bb4.27.4&#8243; _module_preset=\u00bbdefault\u00bb custom_css_main_element=\u00bbmargin: auto;\u00bb global_colors_info=\u00bb{}\u00bb][et_pb_image src=\u00bbhttps:\/\/retitpub.es\/wp-content\/uploads\/2025\/05\/ChatGPT-Image-27-may-2025-10_20_07-copia-Photoroom.webp\u00bb alt=\u00bbActividades de ReTIT-PUB\u00bb title_text=\u00bbActividades de ReTIT-PUB\u00bb _builder_version=\u00bb4.27.4&#8243; _module_preset=\u00bbdefault\u00bb hover_enabled=\u00bb0&#8243; global_colors_info=\u00bb{}\u00bb sticky_enabled=\u00bb0&#8243;][\/et_pb_image][\/et_pb_column][\/et_pb_row][\/et_pb_section][et_pb_section fb_built=\u00bb1&#8243; _builder_version=\u00bb4.27.4&#8243; _module_preset=\u00bbdefault\u00bb background_color=\u00bb#F4F4F6&#8243; da_disable_devices=\u00bboff|off|off\u00bb global_colors_info=\u00bb{}\u00bb da_is_popup=\u00bboff\u00bb da_exit_intent=\u00bboff\u00bb da_has_close=\u00bbon\u00bb da_alt_close=\u00bboff\u00bb da_dark_close=\u00bboff\u00bb da_not_modal=\u00bbon\u00bb da_is_singular=\u00bboff\u00bb da_with_loader=\u00bboff\u00bb da_has_shadow=\u00bbon\u00bb][et_pb_row column_structure=\u00bb1_3,1_3,1_3&#8243; make_equal=\u00bbon\u00bb _builder_version=\u00bb4.27.4&#8243; _module_preset=\u00bbdefault\u00bb width=\u00bb90%\u00bb max_width=\u00bb1300px\u00bb custom_margin=\u00bb||||false|false\u00bb custom_padding=\u00bb||10px||false|false\u00bb global_colors_info=\u00bb{}\u00bb][et_pb_column type=\u00bb1_3&#8243; _builder_version=\u00bb4.27.4&#8243; _module_preset=\u00bbdefault\u00bb background_color=\u00bb#FFFFFF\u00bb custom_padding=\u00bb30px|20px|30px|20px|true|true\u00bb border_radii=\u00bbon|10px|10px|10px|10px\u00bb box_shadow_style=\u00bbpreset3&#8243; box_shadow_color=\u00bbrgba(0,0,0,0.1)\u00bb global_colors_info=\u00bb{}\u00bb background__hover_enabled=\u00bbon|hover\u00bb background_color__hover=\u00bbrgba(0,168,232,0.1)\u00bb background_enable_color__hover=\u00bbon\u00bb][et_pb_text quote_border_color=\u00bb#00A8E8&#8243; _builder_version=\u00bb4.27.4&#8243; _module_preset=\u00bbdefault\u00bb header_2_font=\u00bb|700|||||||\u00bb header_2_font_size=\u00bb30px\u00bb header_3_font=\u00bb|700|||||||\u00bb header_3_text_color=\u00bb#00A8E8&#8243; header_3_font_size=\u00bb20px\u00bb text_font_size_tablet=\u00bb\u00bb text_font_size_phone=\u00bb14px\u00bb text_font_size_last_edited=\u00bbon|phone\u00bb header_2_font_size_tablet=\u00bb30px\u00bb header_2_font_size_phone=\u00bb22px\u00bb header_2_font_size_last_edited=\u00bbon|phone\u00bb global_colors_info=\u00bb{}\u00bb]<\/p>\n<h3>\ud83e\uddec Reuniones cient\u00edficas de la red<\/h3>\n<p>Organizaci\u00f3n de jornadas cient\u00edficas abiertas y reuniones internas peri\u00f3dicas, tanto presenciales como virtuales.<\/p>\n<p>Estas reuniones permiten la actualizaci\u00f3n cient\u00edfica, presentaci\u00f3n de resultados, definici\u00f3n de estrategias y fortalecimiento de la colaboraci\u00f3n interna.<\/p>\n<blockquote>\n<p>Ejemplo: <strong>Recent Progress in Puberty Research<\/strong> \u2013 Enero 2025, Madrid<\/p>\n<\/blockquote>\n<p><a href=\"\/reuniones-cientificas\/\" title=\"Ver Reuniones Cient\u00edficas\">Ver Reuniones Cient\u00edficas<\/a><\/p>\n<p>[\/et_pb_text][\/et_pb_column][et_pb_column type=\u00bb1_3&#8243; _builder_version=\u00bb4.27.4&#8243; _module_preset=\u00bbdefault\u00bb background_color=\u00bb#FFFFFF\u00bb custom_padding=\u00bb30px|20px|30px|20px|true|true\u00bb border_radii=\u00bbon|10px|10px|10px|10px\u00bb box_shadow_style=\u00bbpreset3&#8243; box_shadow_color=\u00bbrgba(0,0,0,0.1)\u00bb global_colors_info=\u00bb{}\u00bb background_color__hover=\u00bbrgba(0,168,232,0.1)\u00bb background_enable_color__hover=\u00bbon\u00bb background__hover_enabled=\u00bbon|hover\u00bb][et_pb_text quote_border_color=\u00bb#00A8E8&#8243; _builder_version=\u00bb4.27.4&#8243; _module_preset=\u00bbdefault\u00bb header_2_font=\u00bb|700|||||||\u00bb header_2_font_size=\u00bb30px\u00bb header_3_font=\u00bb|700|||||||\u00bb header_3_text_color=\u00bb#00A8E8&#8243; header_3_font_size=\u00bb20px\u00bb text_font_size_tablet=\u00bb\u00bb text_font_size_phone=\u00bb14px\u00bb text_font_size_last_edited=\u00bbon|phone\u00bb header_2_font_size_tablet=\u00bb30px\u00bb header_2_font_size_phone=\u00bb22px\u00bb header_2_font_size_last_edited=\u00bbon|phone\u00bb global_colors_info=\u00bb{}\u00bb]<\/p>\n<h3>\ud83d\udc69\u200d\ud83d\udd2c Estancias de formaci\u00f3n e intercambio<\/h3>\n<p>Programa de movilidad interna para investigadores j\u00f3venes y t\u00e9cnicos entre grupos de la red.<\/p>\n<p>Facilita el aprendizaje de nuevas metodolog\u00edas, el uso compartido de plataformas y el desarrollo de proyectos colaborativos.<\/p>\n<blockquote>\n<p>Coordinado por el GT-5. Solicitudes gestionadas por los responsables de grupo y el coordinador.<\/p>\n<\/blockquote>\n<p>[\/et_pb_text][\/et_pb_column][et_pb_column type=\u00bb1_3&#8243; _builder_version=\u00bb4.27.4&#8243; _module_preset=\u00bbdefault\u00bb background_color=\u00bb#FFFFFF\u00bb custom_padding=\u00bb30px|20px|30px|20px|true|true\u00bb border_radii=\u00bbon|10px|10px|10px|10px\u00bb box_shadow_style=\u00bbpreset3&#8243; box_shadow_color=\u00bbrgba(0,0,0,0.1)\u00bb global_colors_info=\u00bb{}\u00bb background_color__hover=\u00bbrgba(0,168,232,0.1)\u00bb background_enable_color__hover=\u00bbon\u00bb background__hover_enabled=\u00bbon|hover\u00bb][et_pb_text quote_border_color=\u00bb#00A8E8&#8243; _builder_version=\u00bb4.27.4&#8243; _module_preset=\u00bbdefault\u00bb header_2_font=\u00bb|700|||||||\u00bb header_2_font_size=\u00bb30px\u00bb header_3_font=\u00bb|700|||||||\u00bb header_3_text_color=\u00bb#00A8E8&#8243; header_3_font_size=\u00bb20px\u00bb text_font_size_tablet=\u00bb\u00bb text_font_size_phone=\u00bb14px\u00bb text_font_size_last_edited=\u00bbon|phone\u00bb header_2_font_size_tablet=\u00bb30px\u00bb header_2_font_size_phone=\u00bb22px\u00bb header_2_font_size_last_edited=\u00bbon|phone\u00bb global_colors_info=\u00bb{}\u00bb]<\/p>\n<h3>\ud83e\uddd1\u200d\ud83c\udfeb Seminarios y talleres<\/h3>\n<p>Seminarios peri\u00f3dicos impartidos por miembros de la red o investigadores invitados.<\/p>\n<p>Talleres tem\u00e1ticos sobre herramientas \u00f3micas, an\u00e1lisis de datos, modelos experimentales, etc.<\/p>\n<blockquote>\n<p>Pueden realizarse online o presenciales. Anunciados en la web y redes.<\/p>\n<\/blockquote>\n<p>[\/et_pb_text][\/et_pb_column][\/et_pb_row][et_pb_row column_structure=\u00bb1_2,1_2&#8243; make_equal=\u00bbon\u00bb _builder_version=\u00bb4.27.4&#8243; _module_preset=\u00bbdefault\u00bb width=\u00bb90%\u00bb custom_margin=\u00bb||||false|false\u00bb custom_padding=\u00bb||10px||false|false\u00bb global_colors_info=\u00bb{}\u00bb][et_pb_column type=\u00bb1_2&#8243; _builder_version=\u00bb4.27.4&#8243; _module_preset=\u00bbdefault\u00bb background_color=\u00bb#FFFFFF\u00bb custom_padding=\u00bb30px|20px|30px|20px|true|true\u00bb border_radii=\u00bbon|10px|10px|10px|10px\u00bb box_shadow_style=\u00bbpreset3&#8243; box_shadow_color=\u00bbrgba(0,0,0,0.1)\u00bb global_colors_info=\u00bb{}\u00bb background_color__hover=\u00bbrgba(0,168,232,0.1)\u00bb background_enable_color__hover=\u00bbon\u00bb background__hover_enabled=\u00bbon|hover\u00bb][et_pb_text quote_border_color=\u00bb#00A8E8&#8243; _builder_version=\u00bb4.27.4&#8243; _module_preset=\u00bbdefault\u00bb header_2_font=\u00bb|700|||||||\u00bb header_2_font_size=\u00bb30px\u00bb header_3_font=\u00bb|700|||||||\u00bb header_3_text_color=\u00bb#00A8E8&#8243; header_3_font_size=\u00bb20px\u00bb text_font_size_tablet=\u00bb\u00bb text_font_size_phone=\u00bb14px\u00bb text_font_size_last_edited=\u00bbon|phone\u00bb header_2_font_size_tablet=\u00bb30px\u00bb header_2_font_size_phone=\u00bb22px\u00bb header_2_font_size_last_edited=\u00bbon|phone\u00bb global_colors_info=\u00bb{}\u00bb]<\/p>\n<h3>\ud83d\udce3 Actividades de divulgaci\u00f3n<\/h3>\n<p>Acciones dirigidas al p\u00fablico general, pacientes, asociaciones y medios de comunicaci\u00f3n.<\/p>\n<p>Participaci\u00f3n en eventos como la Noche Europea de los Investigadores, charlas escolares o colaboraciones con medios.<\/p>\n<blockquote>\n<p>Visibilidad en redes sociales, prensa y espacios educativos.<\/p>\n<\/blockquote>\n<p>[\/et_pb_text][\/et_pb_column][et_pb_column type=\u00bb1_2&#8243; _builder_version=\u00bb4.27.4&#8243; _module_preset=\u00bbdefault\u00bb background_color=\u00bb#FFFFFF\u00bb custom_padding=\u00bb30px|20px|30px|20px|true|true\u00bb border_radii=\u00bbon|10px|10px|10px|10px\u00bb box_shadow_style=\u00bbpreset3&#8243; box_shadow_color=\u00bbrgba(0,0,0,0.1)\u00bb global_colors_info=\u00bb{}\u00bb background_color__hover=\u00bbrgba(0,168,232,0.1)\u00bb background_enable_color__hover=\u00bbon\u00bb background__hover_enabled=\u00bbon|hover\u00bb][et_pb_text quote_border_color=\u00bb#00A8E8&#8243; _builder_version=\u00bb4.27.4&#8243; _module_preset=\u00bbdefault\u00bb header_2_font=\u00bb|700|||||||\u00bb header_2_font_size=\u00bb30px\u00bb header_3_font=\u00bb|700|||||||\u00bb header_3_text_color=\u00bb#00A8E8&#8243; header_3_font_size=\u00bb20px\u00bb text_font_size_tablet=\u00bb\u00bb text_font_size_phone=\u00bb14px\u00bb text_font_size_last_edited=\u00bbon|phone\u00bb header_2_font_size_tablet=\u00bb30px\u00bb header_2_font_size_phone=\u00bb22px\u00bb header_2_font_size_last_edited=\u00bbon|phone\u00bb global_colors_info=\u00bb{}\u00bb]<\/p>\n<h3>\ud83c\udf10 Cooperaci\u00f3n con otras redes<\/h3>\n<p>Participaci\u00f3n en consorcios, proyectos y jornadas organizadas por redes complementarias a ReTIT-PUB.<\/p>\n<p>Colaboraci\u00f3n con CIBER, SEEP, ESPE y otras entidades nacionales e internacionales.<\/p>\n<blockquote>\n<p>Incluye presentaci\u00f3n conjunta de propuestas a convocatorias competitivas.<\/p>\n<\/blockquote>\n<p>[\/et_pb_text][\/et_pb_column][\/et_pb_row][\/et_pb_section]<\/p>\n","protected":false},"excerpt":{"rendered":"<p>Actividades de ReTIT-PUB Una red activa que impulsa investigaci\u00f3n, formaci\u00f3n, divulgaci\u00f3n y colaboraci\u00f3n cient\u00edficaIniciativas clave para dinamizar la red y multiplicar su impacto ReTIT-PUB desarrolla un conjunto de actividades orientadas a cumplir su misi\u00f3n de fomentar la investigaci\u00f3n traslacional en pubertad. Estas acciones incluyen jornadas cient\u00edficas, reuniones internas, estancias formativas, acciones divulgativas y cooperaci\u00f3n con [&hellip;]<\/p>\n","protected":false},"author":1,"featured_media":0,"parent":0,"menu_order":0,"comment_status":"closed","ping_status":"closed","template":"","meta":{"_et_pb_use_builder":"on","_et_pb_old_content":"<!-- wp:divi\/placeholder \/-->","_et_gb_content_width":"","footnotes":""},"class_list":["post-29","page","type-page","status-publish","hentry"],"yoast_head":"<!-- This site is optimized with the Yoast SEO plugin v27.6 - https:\/\/yoast.com\/product\/yoast-seo-wordpress\/ -->\n<title>Actividades - ReTIT-PUB<\/title>\n<meta name=\"description\" content=\"Reuniones cient\u00edficas, jornadas anuales, formaci\u00f3n, movilidad y divulgaci\u00f3n de la Red Tem\u00e1tica de Investigaci\u00f3n Traslacional en Pubertad.\" \/>\n<meta name=\"robots\" content=\"index, follow, max-snippet:-1, max-image-preview:large, max-video-preview:-1\" \/>\n<link rel=\"canonical\" href=\"https:\/\/retitpub.es\/en\/activities\/\" \/>\n<meta property=\"og:locale\" content=\"en_GB\" \/>\n<meta property=\"og:type\" content=\"article\" \/>\n<meta property=\"og:title\" content=\"Actividades - ReTIT-PUB\" \/>\n<meta property=\"og:description\" content=\"Reuniones cient\u00edficas, jornadas anuales, formaci\u00f3n, movilidad y divulgaci\u00f3n de la Red Tem\u00e1tica de Investigaci\u00f3n Traslacional en Pubertad.\" \/>\n<meta property=\"og:url\" content=\"https:\/\/retitpub.es\/en\/activities\/\" \/>\n<meta property=\"og:site_name\" content=\"ReTIT-PUB\" \/>\n<meta property=\"article:modified_time\" content=\"2025-06-11T10:35:29+00:00\" \/>\n<meta property=\"og:image\" content=\"https:\/\/retitpub.es\/wp-content\/uploads\/2025\/05\/ChatGPT-Image-27-may-2025-10_20_07-copia-Photoroom.webp\" \/>\n\t<meta property=\"og:image:width\" content=\"800\" \/>\n\t<meta property=\"og:image:height\" content=\"510\" \/>\n\t<meta property=\"og:image:type\" content=\"image\/webp\" \/>\n<meta name=\"twitter:card\" content=\"summary_large_image\" \/>\n<meta name=\"twitter:label1\" content=\"Estimated reading time\" \/>\n\t<meta name=\"twitter:data1\" content=\"2 minutes\" \/>\n<script type=\"application\/ld+json\" class=\"yoast-schema-graph\">{\"@context\":\"https:\\\/\\\/schema.org\",\"@graph\":[{\"@type\":\"WebPage\",\"@id\":\"https:\\\/\\\/retitpub.es\\\/actividades\\\/\",\"url\":\"https:\\\/\\\/retitpub.es\\\/actividades\\\/\",\"name\":\"Actividades - ReTIT-PUB\",\"isPartOf\":{\"@id\":\"https:\\\/\\\/retitpub.es\\\/#website\"},\"datePublished\":\"2025-05-23T09:13:04+00:00\",\"dateModified\":\"2025-06-11T10:35:29+00:00\",\"description\":\"Reuniones cient\u00edficas, jornadas anuales, formaci\u00f3n, movilidad y divulgaci\u00f3n de la Red Tem\u00e1tica de Investigaci\u00f3n Traslacional en Pubertad.\",\"breadcrumb\":{\"@id\":\"https:\\\/\\\/retitpub.es\\\/actividades\\\/#breadcrumb\"},\"inLanguage\":\"en-GB\",\"potentialAction\":[{\"@type\":\"ReadAction\",\"target\":[\"https:\\\/\\\/retitpub.es\\\/actividades\\\/\"]}]},{\"@type\":\"BreadcrumbList\",\"@id\":\"https:\\\/\\\/retitpub.es\\\/actividades\\\/#breadcrumb\",\"itemListElement\":[{\"@type\":\"ListItem\",\"position\":1,\"name\":\"Inicio\",\"item\":\"https:\\\/\\\/retitpub.es\\\/\"},{\"@type\":\"ListItem\",\"position\":2,\"name\":\"Actividades\"}]},{\"@type\":\"WebSite\",\"@id\":\"https:\\\/\\\/retitpub.es\\\/#website\",\"url\":\"https:\\\/\\\/retitpub.es\\\/\",\"name\":\"ReTIT-PUB - Red Tem\u00e1tica de Investigaci\u00f3n Traslacional en Pubertad\",\"description\":\"Una red nacional de excelencia que integra investigaci\u00f3n b\u00e1sica y cl\u00ednica en pubertad\",\"publisher\":{\"@id\":\"https:\\\/\\\/retitpub.es\\\/#organization\"},\"alternateName\":\"ReTIT-PUB\",\"potentialAction\":[{\"@type\":\"SearchAction\",\"target\":{\"@type\":\"EntryPoint\",\"urlTemplate\":\"https:\\\/\\\/retitpub.es\\\/?s={search_term_string}\"},\"query-input\":{\"@type\":\"PropertyValueSpecification\",\"valueRequired\":true,\"valueName\":\"search_term_string\"}}],\"inLanguage\":\"en-GB\"},{\"@type\":\"Organization\",\"@id\":\"https:\\\/\\\/retitpub.es\\\/#organization\",\"name\":\"ReTIT-PUB - Red Tem\u00e1tica de Investigaci\u00f3n Traslacional en Pubertad\",\"alternateName\":\"ReTIT-PUB\",\"url\":\"https:\\\/\\\/retitpub.es\\\/\",\"logo\":{\"@type\":\"ImageObject\",\"inLanguage\":\"en-GB\",\"@id\":\"https:\\\/\\\/retitpub.es\\\/#\\\/schema\\\/logo\\\/image\\\/\",\"url\":\"https:\\\/\\\/retitpub.es\\\/wp-content\\\/uploads\\\/2025\\\/05\\\/Logo-RedTiTPub.webp\",\"contentUrl\":\"https:\\\/\\\/retitpub.es\\\/wp-content\\\/uploads\\\/2025\\\/05\\\/Logo-RedTiTPub.webp\",\"width\":516,\"height\":194,\"caption\":\"ReTIT-PUB - Red Tem\u00e1tica de Investigaci\u00f3n Traslacional en Pubertad\"},\"image\":{\"@id\":\"https:\\\/\\\/retitpub.es\\\/#\\\/schema\\\/logo\\\/image\\\/\"}}]}<\/script>\n<!-- \/ Yoast SEO plugin. -->","yoast_head_json":{"title":"Activities - ReTIT-PUB","description":"Scientific meetings, annual conferences, training, mobility, and outreach of the Thematic Network for Translational Research in Puberty.","robots":{"index":"index","follow":"follow","max-snippet":"max-snippet:-1","max-image-preview":"max-image-preview:large","max-video-preview":"max-video-preview:-1"},"canonical":"https:\/\/retitpub.es\/en\/activities\/","og_locale":"en_GB","og_type":"article","og_title":"Actividades - ReTIT-PUB","og_description":"Reuniones cient\u00edficas, jornadas anuales, formaci\u00f3n, movilidad y divulgaci\u00f3n de la Red Tem\u00e1tica de Investigaci\u00f3n Traslacional en Pubertad.","og_url":"https:\/\/retitpub.es\/en\/activities\/","og_site_name":"ReTIT-PUB","article_modified_time":"2025-06-11T10:35:29+00:00","og_image":[{"width":800,"height":510,"url":"https:\/\/retitpub.es\/wp-content\/uploads\/2025\/05\/ChatGPT-Image-27-may-2025-10_20_07-copia-Photoroom.webp","type":"image\/webp"}],"twitter_card":"summary_large_image","twitter_misc":{"Estimated reading time":"2 minutes"},"schema":{"@context":"https:\/\/schema.org","@graph":[{"@type":"WebPage","@id":"https:\/\/retitpub.es\/actividades\/","url":"https:\/\/retitpub.es\/actividades\/","name":"Activities - ReTIT-PUB","isPartOf":{"@id":"https:\/\/retitpub.es\/#website"},"datePublished":"2025-05-23T09:13:04+00:00","dateModified":"2025-06-11T10:35:29+00:00","description":"Scientific meetings, annual conferences, training, mobility, and outreach of the Thematic Network for Translational Research in Puberty.","breadcrumb":{"@id":"https:\/\/retitpub.es\/actividades\/#breadcrumb"},"inLanguage":"en-GB","potentialAction":[{"@type":"ReadAction","target":["https:\/\/retitpub.es\/actividades\/"]}]},{"@type":"BreadcrumbList","@id":"https:\/\/retitpub.es\/actividades\/#breadcrumb","itemListElement":[{"@type":"ListItem","position":1,"name":"Inicio","item":"https:\/\/retitpub.es\/"},{"@type":"ListItem","position":2,"name":"Actividades"}]},{"@type":"WebSite","@id":"https:\/\/retitpub.es\/#website","url":"https:\/\/retitpub.es\/","name":"ReTIT-PUB \u2013 Thematic Network for Translational Research in Puberty","description":"A national excellence network that integrates basic and clinical research in puberty.","publisher":{"@id":"https:\/\/retitpub.es\/#organization"},"alternateName":"ReTIT-PUB","potentialAction":[{"@type":"SearchAction","target":{"@type":"EntryPoint","urlTemplate":"https:\/\/retitpub.es\/?s={search_term_string}"},"query-input":{"@type":"PropertyValueSpecification","valueRequired":true,"valueName":"search_term_string"}}],"inLanguage":"en-GB"},{"@type":"Organization","@id":"https:\/\/retitpub.es\/#organization","name":"ReTIT-PUB \u2013 Thematic Network for Translational Research in Puberty","alternateName":"ReTIT-PUB","url":"https:\/\/retitpub.es\/","logo":{"@type":"ImageObject","inLanguage":"en-GB","@id":"https:\/\/retitpub.es\/#\/schema\/logo\/image\/","url":"https:\/\/retitpub.es\/wp-content\/uploads\/2025\/05\/Logo-RedTiTPub.webp","contentUrl":"https:\/\/retitpub.es\/wp-content\/uploads\/2025\/05\/Logo-RedTiTPub.webp","width":516,"height":194,"caption":"ReTIT-PUB - Red Tem\u00e1tica de Investigaci\u00f3n Traslacional en Pubertad"},"image":{"@id":"https:\/\/retitpub.es\/#\/schema\/logo\/image\/"}}]}},"_links":{"self":[{"href":"https:\/\/retitpub.es\/en\/wp-json\/wp\/v2\/pages\/29","targetHints":{"allow":["GET"]}}],"collection":[{"href":"https:\/\/retitpub.es\/en\/wp-json\/wp\/v2\/pages"}],"about":[{"href":"https:\/\/retitpub.es\/en\/wp-json\/wp\/v2\/types\/page"}],"author":[{"embeddable":true,"href":"https:\/\/retitpub.es\/en\/wp-json\/wp\/v2\/users\/1"}],"replies":[{"embeddable":true,"href":"https:\/\/retitpub.es\/en\/wp-json\/wp\/v2\/comments?post=29"}],"version-history":[{"count":0,"href":"https:\/\/retitpub.es\/en\/wp-json\/wp\/v2\/pages\/29\/revisions"}],"wp:attachment":[{"href":"https:\/\/retitpub.es\/en\/wp-json\/wp\/v2\/media?parent=29"}],"curies":[{"name":"wp","href":"https:\/\/api.w.org\/{rel}","templated":true}]}}