{"id":27,"date":"2025-05-23T09:12:54","date_gmt":"2025-05-23T09:12:54","guid":{"rendered":"https:\/\/retitpub.es\/?page_id=27"},"modified":"2025-06-11T12:52:41","modified_gmt":"2025-06-11T10:52:41","slug":"working-groups","status":"publish","type":"page","link":"https:\/\/retitpub.es\/en\/grupos-de-trabajo\/","title":{"rendered":"Working Groups"},"content":{"rendered":"<p>[et_pb_section fb_built=\u00bb1&#8243; _builder_version=\u00bb4.27.4&#8243; _module_preset=\u00bbdefault\u00bb background_color=\u00bb#29C4A9&#8243; use_background_color_gradient=\u00bbon\u00bb background_color_gradient_direction=\u00bb158deg\u00bb background_color_gradient_stops=\u00bb#1c2c4c 0%|#00a8e8 100%\u00bb background_enable_image=\u00bboff\u00bb background_blend=\u00bboverlay\u00bb height=\u00bb60vh\u00bb height_tablet=\u00bb90vh\u00bb height_phone=\u00bb50vh\u00bb height_last_edited=\u00bbon|phone\u00bb custom_margin=\u00bb80px||||false|false\u00bb background_last_edited=\u00bbon|phone\u00bb background_enable_mask_style_tablet=\u00bboff\u00bb da_disable_devices=\u00bboff|off|off\u00bb global_colors_info=\u00bb{}\u00bb da_is_popup=\u00bboff\u00bb da_exit_intent=\u00bboff\u00bb da_has_close=\u00bbon\u00bb da_alt_close=\u00bboff\u00bb da_dark_close=\u00bboff\u00bb da_not_modal=\u00bbon\u00bb da_is_singular=\u00bboff\u00bb da_with_loader=\u00bboff\u00bb da_has_shadow=\u00bbon\u00bb][et_pb_row _builder_version=\u00bb4.27.4&#8243; _module_preset=\u00bbdefault\u00bb positioning=\u00bbabsolute\u00bb position_origin_a=\u00bbcenter_center\u00bb horizontal_offset=\u00bb8%\u00bb width=\u00bb90%\u00bb max_width=\u00bb1000px\u00bb global_colors_info=\u00bb{}\u00bb][et_pb_column type=\u00bb4_4&#8243; _builder_version=\u00bb4.27.4&#8243; _module_preset=\u00bbdefault\u00bb global_colors_info=\u00bb{}\u00bb][et_pb_text _builder_version=\u00bb4.27.4&#8243; _module_preset=\u00bbdefault\u00bb text_font=\u00bb|600|||||||\u00bb text_font_size=\u00bb18px\u00bb header_font=\u00bb|700|||||||\u00bb header_font_size=\u00bb50px\u00bb background_layout=\u00bbdark\u00bb text_font_size_tablet=\u00bb20px\u00bb text_font_size_phone=\u00bb16px\u00bb text_font_size_last_edited=\u00bbon|phone\u00bb header_font_size_tablet=\u00bb50px\u00bb header_font_size_phone=\u00bb22px\u00bb header_font_size_last_edited=\u00bbon|phone\u00bb global_colors_info=\u00bb{}\u00bb]<\/p>\n<h1>Grupos de trabajo ReTIT-PUB<\/h1>\n<p>Estructura tem\u00e1tica para dinamizar la investigaci\u00f3n, la colaboraci\u00f3n y la formaci\u00f3n en pubertad[\/et_pb_text][\/et_pb_column][\/et_pb_row][\/et_pb_section][et_pb_section fb_built=\u00bb1&#8243; _builder_version=\u00bb4.27.4&#8243; _module_preset=\u00bbdefault\u00bb background_color=\u00bb#FFFFFF\u00bb da_disable_devices=\u00bboff|off|off\u00bb global_colors_info=\u00bb{}\u00bb da_is_popup=\u00bboff\u00bb da_exit_intent=\u00bboff\u00bb da_has_close=\u00bbon\u00bb da_alt_close=\u00bboff\u00bb da_dark_close=\u00bboff\u00bb da_not_modal=\u00bbon\u00bb da_is_singular=\u00bboff\u00bb da_with_loader=\u00bboff\u00bb da_has_shadow=\u00bbon\u00bb][et_pb_row column_structure=\u00bb1_2,1_2&#8243; make_equal=\u00bbon\u00bb _builder_version=\u00bb4.27.4&#8243; _module_preset=\u00bbdefault\u00bb width=\u00bb90%\u00bb global_colors_info=\u00bb{}\u00bb][et_pb_column type=\u00bb1_2&#8243; _builder_version=\u00bb4.27.4&#8243; _module_preset=\u00bbdefault\u00bb custom_css_main_element=\u00bbmargin: auto;\u00bb global_colors_info=\u00bb{}\u00bb][et_pb_text _builder_version=\u00bb4.27.4&#8243; _module_preset=\u00bbdefault\u00bb header_2_font=\u00bb|700|||||||\u00bb header_2_font_size=\u00bb30px\u00bb text_font_size_tablet=\u00bb\u00bb text_font_size_phone=\u00bb14px\u00bb text_font_size_last_edited=\u00bbon|phone\u00bb header_2_font_size_tablet=\u00bb30px\u00bb header_2_font_size_phone=\u00bb22px\u00bb header_2_font_size_last_edited=\u00bbon|phone\u00bb global_colors_info=\u00bb{}\u00bb]<\/p>\n<h2>Cinco \u00e1reas clave que articulan el trabajo cient\u00edfico de la red<\/h2>\n<p>La red ReTIT-PUB se organiza en cinco <strong>grupos de trabajo tem\u00e1ticos (GT)<\/strong> que permiten estructurar la actividad cient\u00edfica, fomentar las colaboraciones multidisciplinares y coordinar tanto proyectos espec\u00edficos como acciones transversales.<\/p>\n<p>Cada GT est\u00e1 liderado por investigadores con experiencia reconocida en su \u00e1mbito y act\u00faa como n\u00facleo dinamizador de las l\u00edneas de trabajo de la red.<\/p>\n<p>[\/et_pb_text][\/et_pb_column][et_pb_column type=\u00bb1_2&#8243; _builder_version=\u00bb4.27.4&#8243; _module_preset=\u00bbdefault\u00bb custom_css_main_element=\u00bbmargin: auto;\u00bb global_colors_info=\u00bb{}\u00bb][et_pb_image src=\u00bbhttps:\/\/retitpub.es\/wp-content\/uploads\/2025\/06\/figura-3.png\u00bb alt=\u00bbGrupos de trabajo ReTIT-PUB\u00bb title_text=\u00bbfigura 3&#8243; show_in_lightbox=\u00bbon\u00bb _builder_version=\u00bb4.27.4&#8243; _module_preset=\u00bbdefault\u00bb hover_enabled=\u00bb0&#8243; global_colors_info=\u00bb{}\u00bb sticky_enabled=\u00bb0&#8243;][\/et_pb_image][\/et_pb_column][\/et_pb_row][\/et_pb_section][et_pb_section fb_built=\u00bb1&#8243; _builder_version=\u00bb4.27.4&#8243; _module_preset=\u00bbdefault\u00bb background_color=\u00bb#F4F4F6&#8243; da_disable_devices=\u00bboff|off|off\u00bb global_colors_info=\u00bb{}\u00bb da_is_popup=\u00bboff\u00bb da_exit_intent=\u00bboff\u00bb da_has_close=\u00bbon\u00bb da_alt_close=\u00bboff\u00bb da_dark_close=\u00bboff\u00bb da_not_modal=\u00bbon\u00bb da_is_singular=\u00bboff\u00bb da_with_loader=\u00bboff\u00bb da_has_shadow=\u00bbon\u00bb][et_pb_row _builder_version=\u00bb4.27.4&#8243; _module_preset=\u00bbdefault\u00bb global_colors_info=\u00bb{}\u00bb][et_pb_column type=\u00bb4_4&#8243; _builder_version=\u00bb4.27.4&#8243; _module_preset=\u00bbdefault\u00bb global_colors_info=\u00bb{}\u00bb][et_pb_text _builder_version=\u00bb4.27.4&#8243; _module_preset=\u00bbdefault\u00bb header_2_font=\u00bb|700|||||||\u00bb header_2_font_size=\u00bb30px\u00bb text_orientation=\u00bbcenter\u00bb text_font_size_tablet=\u00bb\u00bb text_font_size_phone=\u00bb14px\u00bb text_font_size_last_edited=\u00bbon|phone\u00bb header_2_font_size_tablet=\u00bb30px\u00bb header_2_font_size_phone=\u00bb22px\u00bb header_2_font_size_last_edited=\u00bbon|phone\u00bb global_colors_info=\u00bb{}\u00bb]<\/p>\n<h2>Detalle de los grupos de trabajo<\/h2>\n<p>[\/et_pb_text][\/et_pb_column][\/et_pb_row][et_pb_row column_structure=\u00bb1_3,1_3,1_3&#8243; make_equal=\u00bbon\u00bb _builder_version=\u00bb4.27.4&#8243; _module_preset=\u00bbdefault\u00bb width=\u00bb90%\u00bb custom_margin=\u00bb||||false|false\u00bb custom_padding=\u00bb||10px||false|false\u00bb global_colors_info=\u00bb{}\u00bb][et_pb_column type=\u00bb1_3&#8243; _builder_version=\u00bb4.27.4&#8243; _module_preset=\u00bbdefault\u00bb background_color=\u00bb#FFFFFF\u00bb custom_padding=\u00bb30px|20px|30px|20px|true|true\u00bb border_radii=\u00bbon|10px|10px|10px|10px\u00bb box_shadow_style=\u00bbpreset3&#8243; box_shadow_color=\u00bbrgba(0,0,0,0.1)\u00bb global_colors_info=\u00bb{}\u00bb background_color__hover=\u00bbrgba(0,168,232,0.08)\u00bb background_enable_color__hover=\u00bbon\u00bb background__hover_enabled=\u00bbon|desktop\u00bb][et_pb_text _builder_version=\u00bb4.27.4&#8243; _module_preset=\u00bbdefault\u00bb header_2_font=\u00bb|700|||||||\u00bb header_2_font_size=\u00bb30px\u00bb header_3_font=\u00bb|700|||||||\u00bb header_3_text_color=\u00bb#00A8E8&#8243; header_3_font_size=\u00bb20px\u00bb text_font_size_tablet=\u00bb\u00bb text_font_size_phone=\u00bb14px\u00bb text_font_size_last_edited=\u00bbon|phone\u00bb header_2_font_size_tablet=\u00bb30px\u00bb header_2_font_size_phone=\u00bb22px\u00bb header_2_font_size_last_edited=\u00bbon|phone\u00bb global_colors_info=\u00bb{}\u00bb]<\/p>\n<h3>GT-1. Determinantes gen\u00e9ticos de la pubertad<\/h3>\n<p><strong>Responsable:<\/strong> Jes\u00fas Argente<\/p>\n<p><strong>Entidad:<\/strong> Hospital Infantil Universitario Ni\u00f1o Jes\u00fas \/ Universidad Aut\u00f3noma de Madrid<\/p>\n<p><strong>L\u00ednea de trabajo:<\/strong><\/p>\n<p>Estudio de las bases gen\u00e9ticas que determinan la pubertad normal y patol\u00f3gica. Identificaci\u00f3n de variantes relacionadas con pubertad precoz, retrasada e hipogonadismo. Colaboraci\u00f3n con grupos cl\u00ednicos y bioinform\u00e1ticos para validaci\u00f3n funcional.<\/p>\n<p>[\/et_pb_text][\/et_pb_column][et_pb_column type=\u00bb1_3&#8243; _builder_version=\u00bb4.27.4&#8243; _module_preset=\u00bbdefault\u00bb background_color=\u00bb#FFFFFF\u00bb custom_padding=\u00bb30px|20px|30px|20px|true|true\u00bb border_radii=\u00bbon|10px|10px|10px|10px\u00bb box_shadow_style=\u00bbpreset3&#8243; box_shadow_color=\u00bbrgba(0,0,0,0.1)\u00bb global_colors_info=\u00bb{}\u00bb background_color__hover=\u00bbrgba(0,168,232,0.08)\u00bb background_enable_color__hover=\u00bbon\u00bb background__hover_enabled=\u00bbon|desktop\u00bb][et_pb_text _builder_version=\u00bb4.27.4&#8243; _module_preset=\u00bbdefault\u00bb header_2_font=\u00bb|700|||||||\u00bb header_2_font_size=\u00bb30px\u00bb header_3_font=\u00bb|700|||||||\u00bb header_3_text_color=\u00bb#00A8E8&#8243; header_3_font_size=\u00bb20px\u00bb text_font_size_tablet=\u00bb\u00bb text_font_size_phone=\u00bb14px\u00bb text_font_size_last_edited=\u00bbon|phone\u00bb header_2_font_size_tablet=\u00bb30px\u00bb header_2_font_size_phone=\u00bb22px\u00bb header_2_font_size_last_edited=\u00bbon|phone\u00bb global_colors_info=\u00bb{}\u00bb]<\/p>\n<h3>GT-2. Estudios cl\u00ednicos sobre pubertad normal y alterada<\/h3>\n<p><strong>Responsable:<\/strong> Lourdes Ib\u00e1\u00f1ez<\/p>\n<p><strong>Entidad:<\/strong> Institut de Recerca Sant Joan de D\u00e9u \/ Universidad de Barcelona<\/p>\n<p><strong>L\u00ednea de trabajo:<\/strong><\/p>\n<p>Investigaci\u00f3n cl\u00ednica en poblaciones pedi\u00e1tricas con alteraciones puberales. Estudios observacionales y ensayos cl\u00ednicos. Interacci\u00f3n con endocrinolog\u00eda pedi\u00e1trica, ginecolog\u00eda adolescente y nutrici\u00f3n cl\u00ednica.<\/p>\n<p>[\/et_pb_text][\/et_pb_column][et_pb_column type=\u00bb1_3&#8243; _builder_version=\u00bb4.27.4&#8243; _module_preset=\u00bbdefault\u00bb background_color=\u00bb#FFFFFF\u00bb custom_padding=\u00bb30px|20px|30px|20px|true|true\u00bb border_radii=\u00bbon|10px|10px|10px|10px\u00bb box_shadow_style=\u00bbpreset3&#8243; box_shadow_color=\u00bbrgba(0,0,0,0.1)\u00bb global_colors_info=\u00bb{}\u00bb background_color__hover=\u00bbrgba(0,168,232,0.08)\u00bb background_enable_color__hover=\u00bbon\u00bb background__hover_enabled=\u00bbon|desktop\u00bb][et_pb_text _builder_version=\u00bb4.27.4&#8243; _module_preset=\u00bbdefault\u00bb header_2_font=\u00bb|700|||||||\u00bb header_2_font_size=\u00bb30px\u00bb header_3_font=\u00bb|700|||||||\u00bb header_3_text_color=\u00bb#00A8E8&#8243; header_3_font_size=\u00bb20px\u00bb text_font_size_tablet=\u00bb\u00bb text_font_size_phone=\u00bb14px\u00bb text_font_size_last_edited=\u00bbon|phone\u00bb header_2_font_size_tablet=\u00bb30px\u00bb header_2_font_size_phone=\u00bb22px\u00bb header_2_font_size_last_edited=\u00bbon|phone\u00bb global_colors_info=\u00bb{}\u00bb]<\/p>\n<h3>GT-3. Modelos precl\u00ednicos para el estudio de la pubertad<\/h3>\n<p><strong>Responsable:<\/strong> Mar\u00eda Dom\u00ednguez<\/p>\n<p><strong>Entidad:<\/strong> Instituto de Neurociencias \u2013 CSIC<\/p>\n<p><strong>L\u00ednea de trabajo:<\/strong><\/p>\n<p>Desarrollo y an\u00e1lisis de modelos animales (murinos y no murinos, como Drosophila) para explorar mecanismos b\u00e1sicos de maduraci\u00f3n puberal. Evaluaci\u00f3n de v\u00edas de se\u00f1alizaci\u00f3n conservadas, efectos metab\u00f3licos y neuroendocrinos.<\/p>\n<p>[\/et_pb_text][\/et_pb_column][\/et_pb_row][et_pb_row column_structure=\u00bb1_2,1_2&#8243; make_equal=\u00bbon\u00bb _builder_version=\u00bb4.27.4&#8243; _module_preset=\u00bbdefault\u00bb width=\u00bb90%\u00bb custom_margin=\u00bb||||false|false\u00bb custom_padding=\u00bb||10px||false|false\u00bb global_colors_info=\u00bb{}\u00bb][et_pb_column type=\u00bb1_2&#8243; _builder_version=\u00bb4.27.4&#8243; _module_preset=\u00bbdefault\u00bb background_color=\u00bb#FFFFFF\u00bb custom_padding=\u00bb30px|20px|30px|20px|true|true\u00bb border_radii=\u00bbon|10px|10px|10px|10px\u00bb box_shadow_style=\u00bbpreset3&#8243; box_shadow_color=\u00bbrgba(0,0,0,0.1)\u00bb global_colors_info=\u00bb{}\u00bb background_color__hover=\u00bbrgba(0,168,232,0.08)\u00bb background_enable_color__hover=\u00bbon\u00bb background__hover_enabled=\u00bbon|desktop\u00bb][et_pb_text _builder_version=\u00bb4.27.4&#8243; _module_preset=\u00bbdefault\u00bb header_2_font=\u00bb|700|||||||\u00bb header_2_font_size=\u00bb30px\u00bb header_3_font=\u00bb|700|||||||\u00bb header_3_text_color=\u00bb#00A8E8&#8243; header_3_font_size=\u00bb20px\u00bb text_font_size_tablet=\u00bb\u00bb text_font_size_phone=\u00bb14px\u00bb text_font_size_last_edited=\u00bbon|phone\u00bb header_2_font_size_tablet=\u00bb30px\u00bb header_2_font_size_phone=\u00bb22px\u00bb header_2_font_size_last_edited=\u00bbon|phone\u00bb global_colors_info=\u00bb{}\u00bb]<\/p>\n<h3>GT-4. An\u00e1lisis multi-\u00f3micos y bioinform\u00e1ticos<\/h3>\n<p><strong>Responsables:<\/strong> Concepci\u00f3n Aguilera y Mario Fern\u00e1ndez-Fraga<\/p>\n<p><strong>Entidades:<\/strong> Universidad de Granada \/ CINN \u2013 CSIC<\/p>\n<p><strong>L\u00ednea de trabajo:<\/strong><\/p>\n<p>Aplicaci\u00f3n de tecnolog\u00edas de an\u00e1lisis masivo (gen\u00f3mica, transcript\u00f3mica, epigen\u00f3mica, metabol\u00f3mica). Desarrollo de herramientas para integrar datos cl\u00ednicos y precl\u00ednicos. Asesoramiento y soporte metodol\u00f3gico a otros grupos de la red.<\/p>\n<p>[\/et_pb_text][\/et_pb_column][et_pb_column type=\u00bb1_2&#8243; _builder_version=\u00bb4.27.4&#8243; _module_preset=\u00bbdefault\u00bb background_color=\u00bb#FFFFFF\u00bb custom_padding=\u00bb30px|20px|30px|20px|true|true\u00bb border_radii=\u00bbon|10px|10px|10px|10px\u00bb box_shadow_style=\u00bbpreset3&#8243; box_shadow_color=\u00bbrgba(0,0,0,0.1)\u00bb global_colors_info=\u00bb{}\u00bb background_color__hover=\u00bbrgba(0,168,232,0.08)\u00bb background_enable_color__hover=\u00bbon\u00bb background__hover_enabled=\u00bbon|desktop\u00bb][et_pb_text _builder_version=\u00bb4.27.4&#8243; _module_preset=\u00bbdefault\u00bb header_2_font=\u00bb|700|||||||\u00bb header_2_font_size=\u00bb30px\u00bb header_3_font=\u00bb|700|||||||\u00bb header_3_text_color=\u00bb#00A8E8&#8243; header_3_font_size=\u00bb20px\u00bb text_font_size_tablet=\u00bb\u00bb text_font_size_phone=\u00bb14px\u00bb text_font_size_last_edited=\u00bbon|phone\u00bb header_2_font_size_tablet=\u00bb30px\u00bb header_2_font_size_phone=\u00bb22px\u00bb header_2_font_size_last_edited=\u00bbon|phone\u00bb global_colors_info=\u00bb{}\u00bb]<\/p>\n<h3>GT-5. Programa de movilidad, formaci\u00f3n y divulgaci\u00f3n<\/h3>\n<p><strong>Responsables:<\/strong> Abel L\u00f3pez Bermejo y Javier Morante<\/p>\n<p><strong>Entidades:<\/strong> IDIBGI \u2013 Universidad de Girona \/ Instituto de Neurociencias \u2013 CSIC<\/p>\n<p><strong>L\u00ednea de trabajo:<\/strong><\/p>\n<p>Dise\u00f1o y coordinaci\u00f3n de estancias cient\u00edficas breves, seminarios, talleres y actividades de divulgaci\u00f3n. Promoci\u00f3n de la presencia en medios y redes sociales. Enlace con iniciativas educativas, pacientes y sociedad civil.<\/p>\n<p>[\/et_pb_text][\/et_pb_column][\/et_pb_row][\/et_pb_section]<\/p>\n","protected":false},"excerpt":{"rendered":"<p>Grupos de trabajo ReTIT-PUB Estructura tem\u00e1tica para dinamizar la investigaci\u00f3n, la colaboraci\u00f3n y la formaci\u00f3n en pubertadCinco \u00e1reas clave que articulan el trabajo cient\u00edfico de la red La red ReTIT-PUB se organiza en cinco grupos de trabajo tem\u00e1ticos (GT) que permiten estructurar la actividad cient\u00edfica, fomentar las colaboraciones multidisciplinares y coordinar tanto proyectos espec\u00edficos como [&hellip;]<\/p>\n","protected":false},"author":1,"featured_media":0,"parent":0,"menu_order":0,"comment_status":"closed","ping_status":"closed","template":"","meta":{"_et_pb_use_builder":"on","_et_pb_old_content":"<!-- wp:divi\/placeholder \/-->","_et_gb_content_width":"","footnotes":""},"class_list":["post-27","page","type-page","status-publish","hentry"],"yoast_head":"<!-- This site is optimized with the Yoast SEO plugin v27.6 - https:\/\/yoast.com\/product\/yoast-seo-wordpress\/ -->\n<title>Grupos de Trabajo - ReTIT-PUB<\/title>\n<meta name=\"description\" content=\"Conoce los cinco grupos de trabajo de ReTIT-PUB: gen\u00e9tica, cl\u00ednica, modelos precl\u00ednicos, an\u00e1lisis multi-\u00f3micos y formaci\u00f3n\/divulgaci\u00f3n.\" \/>\n<meta name=\"robots\" content=\"index, follow, max-snippet:-1, max-image-preview:large, max-video-preview:-1\" \/>\n<link rel=\"canonical\" href=\"https:\/\/retitpub.es\/en\/working-groups\/\" \/>\n<meta property=\"og:locale\" content=\"en_GB\" \/>\n<meta property=\"og:type\" content=\"article\" \/>\n<meta property=\"og:title\" content=\"Grupos de Trabajo - ReTIT-PUB\" \/>\n<meta property=\"og:description\" content=\"Conoce los cinco grupos de trabajo de ReTIT-PUB: gen\u00e9tica, cl\u00ednica, modelos precl\u00ednicos, an\u00e1lisis multi-\u00f3micos y formaci\u00f3n\/divulgaci\u00f3n.\" \/>\n<meta property=\"og:url\" content=\"https:\/\/retitpub.es\/en\/working-groups\/\" \/>\n<meta property=\"og:site_name\" content=\"ReTIT-PUB\" \/>\n<meta property=\"article:modified_time\" content=\"2025-06-11T10:52:41+00:00\" \/>\n<meta property=\"og:image\" content=\"https:\/\/retitpub.es\/wp-content\/uploads\/2025\/05\/ChatGPT-Image-27-may-2025-10_20_07-copia-Photoroom.webp\" \/>\n\t<meta property=\"og:image:width\" content=\"800\" \/>\n\t<meta property=\"og:image:height\" content=\"510\" \/>\n\t<meta property=\"og:image:type\" content=\"image\/webp\" \/>\n<meta name=\"twitter:card\" content=\"summary_large_image\" \/>\n<meta name=\"twitter:label1\" content=\"Estimated reading time\" \/>\n\t<meta name=\"twitter:data1\" content=\"2 minutes\" \/>\n<script type=\"application\/ld+json\" class=\"yoast-schema-graph\">{\"@context\":\"https:\\\/\\\/schema.org\",\"@graph\":[{\"@type\":\"WebPage\",\"@id\":\"https:\\\/\\\/retitpub.es\\\/grupos-de-trabajo\\\/\",\"url\":\"https:\\\/\\\/retitpub.es\\\/grupos-de-trabajo\\\/\",\"name\":\"Grupos de Trabajo - ReTIT-PUB\",\"isPartOf\":{\"@id\":\"https:\\\/\\\/retitpub.es\\\/#website\"},\"datePublished\":\"2025-05-23T09:12:54+00:00\",\"dateModified\":\"2025-06-11T10:52:41+00:00\",\"description\":\"Conoce los cinco grupos de trabajo de ReTIT-PUB: gen\u00e9tica, cl\u00ednica, modelos precl\u00ednicos, an\u00e1lisis multi-\u00f3micos y formaci\u00f3n\\\/divulgaci\u00f3n.\",\"breadcrumb\":{\"@id\":\"https:\\\/\\\/retitpub.es\\\/grupos-de-trabajo\\\/#breadcrumb\"},\"inLanguage\":\"en-GB\",\"potentialAction\":[{\"@type\":\"ReadAction\",\"target\":[\"https:\\\/\\\/retitpub.es\\\/grupos-de-trabajo\\\/\"]}]},{\"@type\":\"BreadcrumbList\",\"@id\":\"https:\\\/\\\/retitpub.es\\\/grupos-de-trabajo\\\/#breadcrumb\",\"itemListElement\":[{\"@type\":\"ListItem\",\"position\":1,\"name\":\"Inicio\",\"item\":\"https:\\\/\\\/retitpub.es\\\/\"},{\"@type\":\"ListItem\",\"position\":2,\"name\":\"Grupos de Trabajo\"}]},{\"@type\":\"WebSite\",\"@id\":\"https:\\\/\\\/retitpub.es\\\/#website\",\"url\":\"https:\\\/\\\/retitpub.es\\\/\",\"name\":\"ReTIT-PUB - Red Tem\u00e1tica de Investigaci\u00f3n Traslacional en Pubertad\",\"description\":\"Una red nacional de excelencia que integra investigaci\u00f3n b\u00e1sica y cl\u00ednica en pubertad\",\"publisher\":{\"@id\":\"https:\\\/\\\/retitpub.es\\\/#organization\"},\"alternateName\":\"ReTIT-PUB\",\"potentialAction\":[{\"@type\":\"SearchAction\",\"target\":{\"@type\":\"EntryPoint\",\"urlTemplate\":\"https:\\\/\\\/retitpub.es\\\/?s={search_term_string}\"},\"query-input\":{\"@type\":\"PropertyValueSpecification\",\"valueRequired\":true,\"valueName\":\"search_term_string\"}}],\"inLanguage\":\"en-GB\"},{\"@type\":\"Organization\",\"@id\":\"https:\\\/\\\/retitpub.es\\\/#organization\",\"name\":\"ReTIT-PUB - Red Tem\u00e1tica de Investigaci\u00f3n Traslacional en Pubertad\",\"alternateName\":\"ReTIT-PUB\",\"url\":\"https:\\\/\\\/retitpub.es\\\/\",\"logo\":{\"@type\":\"ImageObject\",\"inLanguage\":\"en-GB\",\"@id\":\"https:\\\/\\\/retitpub.es\\\/#\\\/schema\\\/logo\\\/image\\\/\",\"url\":\"https:\\\/\\\/retitpub.es\\\/wp-content\\\/uploads\\\/2025\\\/05\\\/Logo-RedTiTPub.webp\",\"contentUrl\":\"https:\\\/\\\/retitpub.es\\\/wp-content\\\/uploads\\\/2025\\\/05\\\/Logo-RedTiTPub.webp\",\"width\":516,\"height\":194,\"caption\":\"ReTIT-PUB - Red Tem\u00e1tica de Investigaci\u00f3n Traslacional en Pubertad\"},\"image\":{\"@id\":\"https:\\\/\\\/retitpub.es\\\/#\\\/schema\\\/logo\\\/image\\\/\"}}]}<\/script>\n<!-- \/ Yoast SEO plugin. -->","yoast_head_json":{"title":"Working Groups - ReTIT-PUB","description":"Meet the five working groups of ReTIT-PUB: genetics, clinical studies, preclinical models, multi-omics analysis, and training\/outreach.","robots":{"index":"index","follow":"follow","max-snippet":"max-snippet:-1","max-image-preview":"max-image-preview:large","max-video-preview":"max-video-preview:-1"},"canonical":"https:\/\/retitpub.es\/en\/working-groups\/","og_locale":"en_GB","og_type":"article","og_title":"Grupos de Trabajo - ReTIT-PUB","og_description":"Conoce los cinco grupos de trabajo de ReTIT-PUB: gen\u00e9tica, cl\u00ednica, modelos precl\u00ednicos, an\u00e1lisis multi-\u00f3micos y formaci\u00f3n\/divulgaci\u00f3n.","og_url":"https:\/\/retitpub.es\/en\/working-groups\/","og_site_name":"ReTIT-PUB","article_modified_time":"2025-06-11T10:52:41+00:00","og_image":[{"width":800,"height":510,"url":"https:\/\/retitpub.es\/wp-content\/uploads\/2025\/05\/ChatGPT-Image-27-may-2025-10_20_07-copia-Photoroom.webp","type":"image\/webp"}],"twitter_card":"summary_large_image","twitter_misc":{"Estimated reading time":"2 minutes"},"schema":{"@context":"https:\/\/schema.org","@graph":[{"@type":"WebPage","@id":"https:\/\/retitpub.es\/grupos-de-trabajo\/","url":"https:\/\/retitpub.es\/grupos-de-trabajo\/","name":"Working Groups - ReTIT-PUB","isPartOf":{"@id":"https:\/\/retitpub.es\/#website"},"datePublished":"2025-05-23T09:12:54+00:00","dateModified":"2025-06-11T10:52:41+00:00","description":"Meet the five working groups of ReTIT-PUB: genetics, clinical studies, preclinical models, multi-omics analysis, and training\/outreach.","breadcrumb":{"@id":"https:\/\/retitpub.es\/grupos-de-trabajo\/#breadcrumb"},"inLanguage":"en-GB","potentialAction":[{"@type":"ReadAction","target":["https:\/\/retitpub.es\/grupos-de-trabajo\/"]}]},{"@type":"BreadcrumbList","@id":"https:\/\/retitpub.es\/grupos-de-trabajo\/#breadcrumb","itemListElement":[{"@type":"ListItem","position":1,"name":"Inicio","item":"https:\/\/retitpub.es\/"},{"@type":"ListItem","position":2,"name":"Grupos de Trabajo"}]},{"@type":"WebSite","@id":"https:\/\/retitpub.es\/#website","url":"https:\/\/retitpub.es\/","name":"ReTIT-PUB \u2013 Thematic Network for Translational Research in Puberty","description":"A national excellence network that integrates basic and clinical research in puberty.","publisher":{"@id":"https:\/\/retitpub.es\/#organization"},"alternateName":"ReTIT-PUB","potentialAction":[{"@type":"SearchAction","target":{"@type":"EntryPoint","urlTemplate":"https:\/\/retitpub.es\/?s={search_term_string}"},"query-input":{"@type":"PropertyValueSpecification","valueRequired":true,"valueName":"search_term_string"}}],"inLanguage":"en-GB"},{"@type":"Organization","@id":"https:\/\/retitpub.es\/#organization","name":"ReTIT-PUB \u2013 Thematic Network for Translational Research in Puberty","alternateName":"ReTIT-PUB","url":"https:\/\/retitpub.es\/","logo":{"@type":"ImageObject","inLanguage":"en-GB","@id":"https:\/\/retitpub.es\/#\/schema\/logo\/image\/","url":"https:\/\/retitpub.es\/wp-content\/uploads\/2025\/05\/Logo-RedTiTPub.webp","contentUrl":"https:\/\/retitpub.es\/wp-content\/uploads\/2025\/05\/Logo-RedTiTPub.webp","width":516,"height":194,"caption":"ReTIT-PUB - Red Tem\u00e1tica de Investigaci\u00f3n Traslacional en Pubertad"},"image":{"@id":"https:\/\/retitpub.es\/#\/schema\/logo\/image\/"}}]}},"_links":{"self":[{"href":"https:\/\/retitpub.es\/en\/wp-json\/wp\/v2\/pages\/27","targetHints":{"allow":["GET"]}}],"collection":[{"href":"https:\/\/retitpub.es\/en\/wp-json\/wp\/v2\/pages"}],"about":[{"href":"https:\/\/retitpub.es\/en\/wp-json\/wp\/v2\/types\/page"}],"author":[{"embeddable":true,"href":"https:\/\/retitpub.es\/en\/wp-json\/wp\/v2\/users\/1"}],"replies":[{"embeddable":true,"href":"https:\/\/retitpub.es\/en\/wp-json\/wp\/v2\/comments?post=27"}],"version-history":[{"count":0,"href":"https:\/\/retitpub.es\/en\/wp-json\/wp\/v2\/pages\/27\/revisions"}],"wp:attachment":[{"href":"https:\/\/retitpub.es\/en\/wp-json\/wp\/v2\/media?parent=27"}],"curies":[{"name":"wp","href":"https:\/\/api.w.org\/{rel}","templated":true}]}}